{"id":4193,"date":"2024-09-12T08:48:55","date_gmt":"2024-09-12T08:48:55","guid":{"rendered":"https:\/\/formacion.economistjurist.es\/cursos\/?page_id=4193"},"modified":"2024-09-26T15:37:40","modified_gmt":"2024-09-26T15:37:40","slug":"empresas","status":"publish","type":"page","link":"https:\/\/formacion.economistjurist.es\/cursos\/empresas\/","title":{"rendered":"Empresas"},"content":{"rendered":"\t\t<div data-elementor-type=\"wp-page\" data-elementor-id=\"4193\" class=\"elementor elementor-4193\" data-elementor-post-type=\"page\">\n\t\t\t\t\t\t<section class=\"elementor-section elementor-top-section elementor-element elementor-element-0b50e0e elementor-section-height-min-height elementor-section-boxed elementor-section-height-default elementor-section-items-middle wpr-particle-no wpr-jarallax-no wpr-parallax-no wpr-sticky-section-no\" data-id=\"0b50e0e\" data-element_type=\"section\" data-e-type=\"section\" data-settings=\"{&quot;background_background&quot;:&quot;classic&quot;}\">\n\t\t\t\t\t\t\t<div class=\"elementor-background-overlay\"><\/div>\n\t\t\t\t\t\t\t<div class=\"elementor-container elementor-column-gap-default\">\n\t\t\t\t\t<div class=\"elementor-column elementor-col-50 elementor-top-column elementor-element elementor-element-98068d5\" data-id=\"98068d5\" data-element_type=\"column\" data-e-type=\"column\">\n\t\t\t<div class=\"elementor-widget-wrap elementor-element-populated\">\n\t\t\t\t\t\t<div class=\"elementor-element elementor-element-558ef78 elementor-widget elementor-widget-heading\" data-id=\"558ef78\" data-element_type=\"widget\" data-e-type=\"widget\" data-widget_type=\"heading.default\">\n\t\t\t\t<div class=\"elementor-widget-container\">\n\t\t\t\t\t<h2 class=\"elementor-heading-title elementor-size-default\">Las personas son el principal activo de tu empresa. <\/h2>\t\t\t\t<\/div>\n\t\t\t\t<\/div>\n\t\t\t\t<div class=\"elementor-element elementor-element-85f1311 elementor-widget elementor-widget-heading\" data-id=\"85f1311\" data-element_type=\"widget\" data-e-type=\"widget\" data-widget_type=\"heading.default\">\n\t\t\t\t<div class=\"elementor-widget-container\">\n\t\t\t\t\t<h3 class=\"elementor-heading-title elementor-size-default\">En E&amp;J School te ayudamos en el desarrollo y captaci\u00f3n de talento. Potencia a trav\u00e9s de nuestras formaciones un modelo de liderazgo consciente en tu organizaci\u00f3n. <\/h3>\t\t\t\t<\/div>\n\t\t\t\t<\/div>\n\t\t\t\t\t<\/div>\n\t\t<\/div>\n\t\t\t\t<div class=\"elementor-column elementor-col-50 elementor-top-column elementor-element elementor-element-a09a11e\" data-id=\"a09a11e\" data-element_type=\"column\" data-e-type=\"column\">\n\t\t\t<div class=\"elementor-widget-wrap\">\n\t\t\t\t\t\t\t<\/div>\n\t\t<\/div>\n\t\t\t\t\t<\/div>\n\t\t<\/section>\n\t\t\t\t<section class=\"elementor-section elementor-top-section elementor-element elementor-element-25a570a elementor-section-boxed elementor-section-height-default elementor-section-height-default wpr-particle-no wpr-jarallax-no wpr-parallax-no wpr-sticky-section-no elementor-invisible\" data-id=\"25a570a\" data-element_type=\"section\" data-e-type=\"section\" data-settings=\"{&quot;animation&quot;:&quot;fadeInUp&quot;}\">\n\t\t\t\t\t\t<div class=\"elementor-container elementor-column-gap-default\">\n\t\t\t\t\t<div class=\"elementor-column elementor-col-100 elementor-top-column elementor-element elementor-element-3264c7e\" data-id=\"3264c7e\" data-element_type=\"column\" data-e-type=\"column\">\n\t\t\t<div class=\"elementor-widget-wrap elementor-element-populated\">\n\t\t\t\t\t\t<div class=\"elementor-element elementor-element-5b36f5f elementor-widget elementor-widget-spacer\" data-id=\"5b36f5f\" data-element_type=\"widget\" data-e-type=\"widget\" data-widget_type=\"spacer.default\">\n\t\t\t\t<div class=\"elementor-widget-container\">\n\t\t\t\t\t\t\t<div class=\"elementor-spacer\">\n\t\t\t<div class=\"elementor-spacer-inner\"><\/div>\n\t\t<\/div>\n\t\t\t\t\t\t<\/div>\n\t\t\t\t<\/div>\n\t\t\t\t<section class=\"elementor-section elementor-inner-section elementor-element elementor-element-950735c elementor-section-content-middle elementor-section-boxed elementor-section-height-default elementor-section-height-default wpr-particle-no wpr-jarallax-no wpr-parallax-no wpr-sticky-section-no elementor-invisible\" data-id=\"950735c\" data-element_type=\"section\" data-e-type=\"section\" data-settings=\"{&quot;animation&quot;:&quot;fadeIn&quot;}\">\n\t\t\t\t\t\t<div class=\"elementor-container elementor-column-gap-default\">\n\t\t\t\t\t<div class=\"elementor-column elementor-col-50 elementor-inner-column elementor-element elementor-element-73467ee\" data-id=\"73467ee\" data-element_type=\"column\" data-e-type=\"column\">\n\t\t\t<div class=\"elementor-widget-wrap elementor-element-populated\">\n\t\t\t\t\t\t<div class=\"elementor-element elementor-element-b3b3c81 elementor-widget elementor-widget-heading\" data-id=\"b3b3c81\" data-element_type=\"widget\" data-e-type=\"widget\" data-widget_type=\"heading.default\">\n\t\t\t\t<div class=\"elementor-widget-container\">\n\t\t\t\t\t<h2 class=\"elementor-heading-title elementor-size-default\"> Introducci\u00f3n<\/h2>\t\t\t\t<\/div>\n\t\t\t\t<\/div>\n\t\t\t\t<div class=\"elementor-element elementor-element-1399ed9 elementor-widget elementor-widget-text-editor\" data-id=\"1399ed9\" data-element_type=\"widget\" data-e-type=\"widget\" data-widget_type=\"text-editor.default\">\n\t\t\t\t<div class=\"elementor-widget-container\">\n\t\t\t\t\t\t\t\t\t<p><span style=\"font-weight: 400;\">La formaci\u00f3n continua es clave para ser competitivo. <strong>Economist &amp;Jurist School<\/strong> ofrece programas de formaci\u00f3n de vanguardia dise\u00f1ados para mejorar las habilidades de tus empleados a nivel humano, management y derecho.<\/span><\/p>\t\t\t\t\t\t\t\t<\/div>\n\t\t\t\t<\/div>\n\t\t\t\t<div class=\"elementor-element elementor-element-0f64628 elementor-widget elementor-widget-button\" data-id=\"0f64628\" data-element_type=\"widget\" data-e-type=\"widget\" data-widget_type=\"button.default\">\n\t\t\t\t<div class=\"elementor-widget-container\">\n\t\t\t\t\t\t\t\t\t<div class=\"elementor-button-wrapper\">\n\t\t\t\t\t<a class=\"elementor-button elementor-button-link elementor-size-sm\" href=\"https:\/\/formacion.economistjurist.es\/cursos\/nuestros-programas\/\">\n\t\t\t\t\t\t<span class=\"elementor-button-content-wrapper\">\n\t\t\t\t\t\t\t\t\t<span class=\"elementor-button-text\">Conoce nuestros programas<\/span>\n\t\t\t\t\t<\/span>\n\t\t\t\t\t<\/a>\n\t\t\t\t<\/div>\n\t\t\t\t\t\t\t\t<\/div>\n\t\t\t\t<\/div>\n\t\t\t\t\t<\/div>\n\t\t<\/div>\n\t\t\t\t<div class=\"elementor-column elementor-col-50 elementor-inner-column elementor-element elementor-element-9e728ea\" data-id=\"9e728ea\" data-element_type=\"column\" data-e-type=\"column\">\n\t\t\t<div class=\"elementor-widget-wrap elementor-element-populated\">\n\t\t\t\t\t\t<div class=\"elementor-element elementor-element-93dd433 elementor-widget elementor-widget-image\" data-id=\"93dd433\" data-element_type=\"widget\" data-e-type=\"widget\" data-widget_type=\"image.default\">\n\t\t\t\t<div class=\"elementor-widget-container\">\n\t\t\t\t\t\t\t\t\t\t\t\t\t\t\t<img fetchpriority=\"high\" decoding=\"async\" width=\"2560\" height=\"1707\" src=\"https:\/\/formacion.economistjurist.es\/cursos\/wp-content\/uploads\/2024\/09\/portrait-young-bearded-entrepreneur-glasses-casual-clothes-standing-bright-coworking-office-scaled.jpg\" class=\"attachment-full size-full wp-image-4195\" alt=\"\" srcset=\"https:\/\/formacion.economistjurist.es\/cursos\/wp-content\/uploads\/2024\/09\/portrait-young-bearded-entrepreneur-glasses-casual-clothes-standing-bright-coworking-office-scaled.jpg 2560w, https:\/\/formacion.economistjurist.es\/cursos\/wp-content\/uploads\/2024\/09\/portrait-young-bearded-entrepreneur-glasses-casual-clothes-standing-bright-coworking-office-300x200.jpg 300w, https:\/\/formacion.economistjurist.es\/cursos\/wp-content\/uploads\/2024\/09\/portrait-young-bearded-entrepreneur-glasses-casual-clothes-standing-bright-coworking-office-1024x683.jpg 1024w, https:\/\/formacion.economistjurist.es\/cursos\/wp-content\/uploads\/2024\/09\/portrait-young-bearded-entrepreneur-glasses-casual-clothes-standing-bright-coworking-office-768x512.jpg 768w, https:\/\/formacion.economistjurist.es\/cursos\/wp-content\/uploads\/2024\/09\/portrait-young-bearded-entrepreneur-glasses-casual-clothes-standing-bright-coworking-office-1536x1024.jpg 1536w, https:\/\/formacion.economistjurist.es\/cursos\/wp-content\/uploads\/2024\/09\/portrait-young-bearded-entrepreneur-glasses-casual-clothes-standing-bright-coworking-office-2048x1365.jpg 2048w\" sizes=\"(max-width: 2560px) 100vw, 2560px\" \/>\t\t\t\t\t\t\t\t\t\t\t\t\t\t\t<\/div>\n\t\t\t\t<\/div>\n\t\t\t\t\t<\/div>\n\t\t<\/div>\n\t\t\t\t\t<\/div>\n\t\t<\/section>\n\t\t\t\t<div class=\"elementor-element elementor-element-91c88ff elementor-widget elementor-widget-spacer\" data-id=\"91c88ff\" data-element_type=\"widget\" data-e-type=\"widget\" data-widget_type=\"spacer.default\">\n\t\t\t\t<div class=\"elementor-widget-container\">\n\t\t\t\t\t\t\t<div class=\"elementor-spacer\">\n\t\t\t<div class=\"elementor-spacer-inner\"><\/div>\n\t\t<\/div>\n\t\t\t\t\t\t<\/div>\n\t\t\t\t<\/div>\n\t\t\t\t\t<\/div>\n\t\t<\/div>\n\t\t\t\t\t<\/div>\n\t\t<\/section>\n\t\t\t\t<section class=\"elementor-section elementor-top-section elementor-element elementor-element-8e8be00 elementor-section-content-middle elementor-section-boxed elementor-section-height-default elementor-section-height-default wpr-particle-no wpr-jarallax-no wpr-parallax-no wpr-sticky-section-no\" data-id=\"8e8be00\" data-element_type=\"section\" data-e-type=\"section\" data-settings=\"{&quot;background_background&quot;:&quot;classic&quot;}\">\n\t\t\t\t\t\t<div class=\"elementor-container elementor-column-gap-default\">\n\t\t\t\t\t<div class=\"elementor-column elementor-col-50 elementor-top-column elementor-element elementor-element-d741630\" data-id=\"d741630\" data-element_type=\"column\" data-e-type=\"column\">\n\t\t\t<div class=\"elementor-widget-wrap elementor-element-populated\">\n\t\t\t\t\t\t<div class=\"elementor-element elementor-element-2a0170e elementor-widget elementor-widget-heading\" data-id=\"2a0170e\" data-element_type=\"widget\" data-e-type=\"widget\" data-widget_type=\"heading.default\">\n\t\t\t\t<div class=\"elementor-widget-container\">\n\t\t\t\t\t<h2 class=\"elementor-heading-title elementor-size-default\">\u00bfQuieres formarte desde cualquier parte del mundo?<\/h2>\t\t\t\t<\/div>\n\t\t\t\t<\/div>\n\t\t\t\t<div class=\"elementor-element elementor-element-7991e10 elementor-widget elementor-widget-heading\" data-id=\"7991e10\" data-element_type=\"widget\" data-e-type=\"widget\" data-widget_type=\"heading.default\">\n\t\t\t\t<div class=\"elementor-widget-container\">\n\t\t\t\t\t<p class=\"elementor-heading-title elementor-size-default\"> Pregunta por nuestros cursos online. <\/p>\t\t\t\t<\/div>\n\t\t\t\t<\/div>\n\t\t\t\t\t<\/div>\n\t\t<\/div>\n\t\t\t\t<div class=\"elementor-column elementor-col-50 elementor-top-column elementor-element elementor-element-e7ca596\" data-id=\"e7ca596\" data-element_type=\"column\" data-e-type=\"column\">\n\t\t\t<div class=\"elementor-widget-wrap elementor-element-populated\">\n\t\t\t\t\t\t<div class=\"elementor-element elementor-element-9a380c0 elementor-align-right elementor-widget elementor-widget-button\" data-id=\"9a380c0\" data-element_type=\"widget\" data-e-type=\"widget\" data-widget_type=\"button.default\">\n\t\t\t\t<div class=\"elementor-widget-container\">\n\t\t\t\t\t\t\t\t\t<div class=\"elementor-button-wrapper\">\n\t\t\t\t\t<a class=\"elementor-button elementor-button-link elementor-size-sm\" href=\"https:\/\/formacion.economistjurist.es\/cursos\/ej-school\/\">\n\t\t\t\t\t\t<span class=\"elementor-button-content-wrapper\">\n\t\t\t\t\t\t\t\t\t<span class=\"elementor-button-text\">Solicitar informacion<\/span>\n\t\t\t\t\t<\/span>\n\t\t\t\t\t<\/a>\n\t\t\t\t<\/div>\n\t\t\t\t\t\t\t\t<\/div>\n\t\t\t\t<\/div>\n\t\t\t\t\t<\/div>\n\t\t<\/div>\n\t\t\t\t\t<\/div>\n\t\t<\/section>\n\t\t\t\t<\/div>\n\t\t","protected":false},"excerpt":{"rendered":"<p>Las personas son el principal activo de tu empresa. En E&#038;J School te ayudamos en el desarrollo y captaci\u00f3n de talento. Potencia a trav\u00e9s de nuestras formaciones un modelo de liderazgo consciente en tu organizaci\u00f3n. Introducci\u00f3n La formaci\u00f3n continua es clave para ser competitivo. Economist &amp;Jurist School ofrece programas de formaci\u00f3n de vanguardia dise\u00f1ados para mejorar las habilidades de tus empleados a nivel humano, management y derecho. Conoce nuestros programas \u00bfQuieres formarte desde cualquier parte del mundo? Pregunta por nuestros cursos online. Solicitar informacion<\/p>\n","protected":false},"author":1,"featured_media":0,"parent":0,"menu_order":0,"comment_status":"closed","ping_status":"closed","template":"","meta":{"footnotes":""},"class_list":["post-4193","page","type-page","status-publish","hentry"],"yoast_head":"<!-- This site is optimized with the Yoast SEO plugin v27.3 - https:\/\/yoast.com\/product\/yoast-seo-wordpress\/ -->\n<title>Empresas - E&amp;J School<\/title>\n<meta name=\"robots\" content=\"index, follow, max-snippet:-1, max-image-preview:large, max-video-preview:-1\" \/>\n<link rel=\"canonical\" href=\"https:\/\/formacion.economistjurist.es\/cursos\/empresas\/\" \/>\n<meta property=\"og:locale\" content=\"es_ES\" \/>\n<meta property=\"og:type\" content=\"article\" \/>\n<meta property=\"og:title\" content=\"Empresas - E&amp;J School\" \/>\n<meta property=\"og:description\" content=\"Las personas son el principal activo de tu empresa. En E&#038;J School te ayudamos en el desarrollo y captaci\u00f3n de talento. Potencia a trav\u00e9s de nuestras formaciones un modelo de liderazgo consciente en tu organizaci\u00f3n. Introducci\u00f3n La formaci\u00f3n continua es clave para ser competitivo. Economist &amp;Jurist School ofrece programas de formaci\u00f3n de vanguardia dise\u00f1ados para mejorar las habilidades de tus empleados a nivel humano, management y derecho. Conoce nuestros programas \u00bfQuieres formarte desde cualquier parte del mundo? Pregunta por nuestros cursos online. Solicitar informacion\" \/>\n<meta property=\"og:url\" content=\"https:\/\/formacion.economistjurist.es\/cursos\/empresas\/\" \/>\n<meta property=\"og:site_name\" content=\"E&amp;J School\" \/>\n<meta property=\"article:modified_time\" content=\"2024-09-26T15:37:40+00:00\" \/>\n<meta property=\"og:image\" content=\"https:\/\/formacion.economistjurist.es\/cursos\/wp-content\/uploads\/2024\/09\/portrait-young-bearded-entrepreneur-glasses-casual-clothes-standing-bright-coworking-office-scaled.jpg\" \/>\n<meta name=\"twitter:card\" content=\"summary_large_image\" \/>\n<meta name=\"twitter:label1\" content=\"Tiempo de lectura\" \/>\n\t<meta name=\"twitter:data1\" content=\"1 minuto\" \/>\n<script type=\"application\/ld+json\" class=\"yoast-schema-graph\">{\"@context\":\"https:\\\/\\\/schema.org\",\"@graph\":[{\"@type\":\"WebPage\",\"@id\":\"https:\\\/\\\/formacion.economistjurist.es\\\/cursos\\\/empresas\\\/\",\"url\":\"https:\\\/\\\/formacion.economistjurist.es\\\/cursos\\\/empresas\\\/\",\"name\":\"Empresas - E&amp;J School\",\"isPartOf\":{\"@id\":\"https:\\\/\\\/formacion.economistjurist.es\\\/cursos\\\/#website\"},\"primaryImageOfPage\":{\"@id\":\"https:\\\/\\\/formacion.economistjurist.es\\\/cursos\\\/empresas\\\/#primaryimage\"},\"image\":{\"@id\":\"https:\\\/\\\/formacion.economistjurist.es\\\/cursos\\\/empresas\\\/#primaryimage\"},\"thumbnailUrl\":\"https:\\\/\\\/formacion.economistjurist.es\\\/cursos\\\/wp-content\\\/uploads\\\/2024\\\/09\\\/portrait-young-bearded-entrepreneur-glasses-casual-clothes-standing-bright-coworking-office-scaled.jpg\",\"datePublished\":\"2024-09-12T08:48:55+00:00\",\"dateModified\":\"2024-09-26T15:37:40+00:00\",\"breadcrumb\":{\"@id\":\"https:\\\/\\\/formacion.economistjurist.es\\\/cursos\\\/empresas\\\/#breadcrumb\"},\"inLanguage\":\"es\",\"potentialAction\":[{\"@type\":\"ReadAction\",\"target\":[\"https:\\\/\\\/formacion.economistjurist.es\\\/cursos\\\/empresas\\\/\"]}]},{\"@type\":\"ImageObject\",\"inLanguage\":\"es\",\"@id\":\"https:\\\/\\\/formacion.economistjurist.es\\\/cursos\\\/empresas\\\/#primaryimage\",\"url\":\"https:\\\/\\\/formacion.economistjurist.es\\\/cursos\\\/wp-content\\\/uploads\\\/2024\\\/09\\\/portrait-young-bearded-entrepreneur-glasses-casual-clothes-standing-bright-coworking-office-scaled.jpg\",\"contentUrl\":\"https:\\\/\\\/formacion.economistjurist.es\\\/cursos\\\/wp-content\\\/uploads\\\/2024\\\/09\\\/portrait-young-bearded-entrepreneur-glasses-casual-clothes-standing-bright-coworking-office-scaled.jpg\",\"width\":2560,\"height\":1707,\"caption\":\"Portrait of young good-looking bearded entrepreneur in glasses and casual clothes, standing in bright coworking office, holding cup of coffee in hands, smiling in camera during interview for article in magazine\"},{\"@type\":\"BreadcrumbList\",\"@id\":\"https:\\\/\\\/formacion.economistjurist.es\\\/cursos\\\/empresas\\\/#breadcrumb\",\"itemListElement\":[{\"@type\":\"ListItem\",\"position\":1,\"name\":\"Portada\",\"item\":\"https:\\\/\\\/formacion.economistjurist.es\\\/cursos\\\/\"},{\"@type\":\"ListItem\",\"position\":2,\"name\":\"Empresas\"}]},{\"@type\":\"WebSite\",\"@id\":\"https:\\\/\\\/formacion.economistjurist.es\\\/cursos\\\/#website\",\"url\":\"https:\\\/\\\/formacion.economistjurist.es\\\/cursos\\\/\",\"name\":\"E&amp;J School\",\"description\":\"Economist &amp; Jurist\",\"publisher\":{\"@id\":\"https:\\\/\\\/formacion.economistjurist.es\\\/cursos\\\/#organization\"},\"potentialAction\":[{\"@type\":\"SearchAction\",\"target\":{\"@type\":\"EntryPoint\",\"urlTemplate\":\"https:\\\/\\\/formacion.economistjurist.es\\\/cursos\\\/?s={search_term_string}\"},\"query-input\":{\"@type\":\"PropertyValueSpecification\",\"valueRequired\":true,\"valueName\":\"search_term_string\"}}],\"inLanguage\":\"es\"},{\"@type\":\"Organization\",\"@id\":\"https:\\\/\\\/formacion.economistjurist.es\\\/cursos\\\/#organization\",\"name\":\"E&amp;J School\",\"url\":\"https:\\\/\\\/formacion.economistjurist.es\\\/cursos\\\/\",\"logo\":{\"@type\":\"ImageObject\",\"inLanguage\":\"es\",\"@id\":\"https:\\\/\\\/formacion.economistjurist.es\\\/cursos\\\/#\\\/schema\\\/logo\\\/image\\\/\",\"url\":\"https:\\\/\\\/formacion.economistjurist.es\\\/cursos\\\/wp-content\\\/uploads\\\/2025\\\/04\\\/EJ-SCHOOL-ULTIMO.png\",\"contentUrl\":\"https:\\\/\\\/formacion.economistjurist.es\\\/cursos\\\/wp-content\\\/uploads\\\/2025\\\/04\\\/EJ-SCHOOL-ULTIMO.png\",\"width\":1383,\"height\":249,\"caption\":\"E&amp;J School\"},\"image\":{\"@id\":\"https:\\\/\\\/formacion.economistjurist.es\\\/cursos\\\/#\\\/schema\\\/logo\\\/image\\\/\"}}]}<\/script>\n<!-- \/ Yoast SEO plugin. -->","yoast_head_json":{"title":"Empresas - E&amp;J School","robots":{"index":"index","follow":"follow","max-snippet":"max-snippet:-1","max-image-preview":"max-image-preview:large","max-video-preview":"max-video-preview:-1"},"canonical":"https:\/\/formacion.economistjurist.es\/cursos\/empresas\/","og_locale":"es_ES","og_type":"article","og_title":"Empresas - E&amp;J School","og_description":"Las personas son el principal activo de tu empresa. En E&#038;J School te ayudamos en el desarrollo y captaci\u00f3n de talento. Potencia a trav\u00e9s de nuestras formaciones un modelo de liderazgo consciente en tu organizaci\u00f3n. Introducci\u00f3n La formaci\u00f3n continua es clave para ser competitivo. Economist &amp;Jurist School ofrece programas de formaci\u00f3n de vanguardia dise\u00f1ados para mejorar las habilidades de tus empleados a nivel humano, management y derecho. Conoce nuestros programas \u00bfQuieres formarte desde cualquier parte del mundo? Pregunta por nuestros cursos online. Solicitar informacion","og_url":"https:\/\/formacion.economistjurist.es\/cursos\/empresas\/","og_site_name":"E&amp;J School","article_modified_time":"2024-09-26T15:37:40+00:00","og_image":[{"url":"https:\/\/formacion.economistjurist.es\/cursos\/wp-content\/uploads\/2024\/09\/portrait-young-bearded-entrepreneur-glasses-casual-clothes-standing-bright-coworking-office-scaled.jpg","type":"","width":"","height":""}],"twitter_card":"summary_large_image","twitter_misc":{"Tiempo de lectura":"1 minuto"},"schema":{"@context":"https:\/\/schema.org","@graph":[{"@type":"WebPage","@id":"https:\/\/formacion.economistjurist.es\/cursos\/empresas\/","url":"https:\/\/formacion.economistjurist.es\/cursos\/empresas\/","name":"Empresas - E&amp;J School","isPartOf":{"@id":"https:\/\/formacion.economistjurist.es\/cursos\/#website"},"primaryImageOfPage":{"@id":"https:\/\/formacion.economistjurist.es\/cursos\/empresas\/#primaryimage"},"image":{"@id":"https:\/\/formacion.economistjurist.es\/cursos\/empresas\/#primaryimage"},"thumbnailUrl":"https:\/\/formacion.economistjurist.es\/cursos\/wp-content\/uploads\/2024\/09\/portrait-young-bearded-entrepreneur-glasses-casual-clothes-standing-bright-coworking-office-scaled.jpg","datePublished":"2024-09-12T08:48:55+00:00","dateModified":"2024-09-26T15:37:40+00:00","breadcrumb":{"@id":"https:\/\/formacion.economistjurist.es\/cursos\/empresas\/#breadcrumb"},"inLanguage":"es","potentialAction":[{"@type":"ReadAction","target":["https:\/\/formacion.economistjurist.es\/cursos\/empresas\/"]}]},{"@type":"ImageObject","inLanguage":"es","@id":"https:\/\/formacion.economistjurist.es\/cursos\/empresas\/#primaryimage","url":"https:\/\/formacion.economistjurist.es\/cursos\/wp-content\/uploads\/2024\/09\/portrait-young-bearded-entrepreneur-glasses-casual-clothes-standing-bright-coworking-office-scaled.jpg","contentUrl":"https:\/\/formacion.economistjurist.es\/cursos\/wp-content\/uploads\/2024\/09\/portrait-young-bearded-entrepreneur-glasses-casual-clothes-standing-bright-coworking-office-scaled.jpg","width":2560,"height":1707,"caption":"Portrait of young good-looking bearded entrepreneur in glasses and casual clothes, standing in bright coworking office, holding cup of coffee in hands, smiling in camera during interview for article in magazine"},{"@type":"BreadcrumbList","@id":"https:\/\/formacion.economistjurist.es\/cursos\/empresas\/#breadcrumb","itemListElement":[{"@type":"ListItem","position":1,"name":"Portada","item":"https:\/\/formacion.economistjurist.es\/cursos\/"},{"@type":"ListItem","position":2,"name":"Empresas"}]},{"@type":"WebSite","@id":"https:\/\/formacion.economistjurist.es\/cursos\/#website","url":"https:\/\/formacion.economistjurist.es\/cursos\/","name":"E&amp;J School","description":"Economist &amp; Jurist","publisher":{"@id":"https:\/\/formacion.economistjurist.es\/cursos\/#organization"},"potentialAction":[{"@type":"SearchAction","target":{"@type":"EntryPoint","urlTemplate":"https:\/\/formacion.economistjurist.es\/cursos\/?s={search_term_string}"},"query-input":{"@type":"PropertyValueSpecification","valueRequired":true,"valueName":"search_term_string"}}],"inLanguage":"es"},{"@type":"Organization","@id":"https:\/\/formacion.economistjurist.es\/cursos\/#organization","name":"E&amp;J School","url":"https:\/\/formacion.economistjurist.es\/cursos\/","logo":{"@type":"ImageObject","inLanguage":"es","@id":"https:\/\/formacion.economistjurist.es\/cursos\/#\/schema\/logo\/image\/","url":"https:\/\/formacion.economistjurist.es\/cursos\/wp-content\/uploads\/2025\/04\/EJ-SCHOOL-ULTIMO.png","contentUrl":"https:\/\/formacion.economistjurist.es\/cursos\/wp-content\/uploads\/2025\/04\/EJ-SCHOOL-ULTIMO.png","width":1383,"height":249,"caption":"E&amp;J School"},"image":{"@id":"https:\/\/formacion.economistjurist.es\/cursos\/#\/schema\/logo\/image\/"}}]}},"_links":{"self":[{"href":"https:\/\/formacion.economistjurist.es\/cursos\/wp-json\/wp\/v2\/pages\/4193","targetHints":{"allow":["GET"]}}],"collection":[{"href":"https:\/\/formacion.economistjurist.es\/cursos\/wp-json\/wp\/v2\/pages"}],"about":[{"href":"https:\/\/formacion.economistjurist.es\/cursos\/wp-json\/wp\/v2\/types\/page"}],"author":[{"embeddable":true,"href":"https:\/\/formacion.economistjurist.es\/cursos\/wp-json\/wp\/v2\/users\/1"}],"replies":[{"embeddable":true,"href":"https:\/\/formacion.economistjurist.es\/cursos\/wp-json\/wp\/v2\/comments?post=4193"}],"version-history":[{"count":0,"href":"https:\/\/formacion.economistjurist.es\/cursos\/wp-json\/wp\/v2\/pages\/4193\/revisions"}],"wp:attachment":[{"href":"https:\/\/formacion.economistjurist.es\/cursos\/wp-json\/wp\/v2\/media?parent=4193"}],"curies":[{"name":"wp","href":"https:\/\/api.w.org\/{rel}","templated":true}]}}